{"id":1014,"date":"2024-07-23T18:34:45","date_gmt":"2024-07-23T18:34:45","guid":{"rendered":"https:\/\/dentalclean.com\/br\/?page_id=1014"},"modified":"2026-02-20T12:51:23","modified_gmt":"2026-02-20T12:51:23","slug":"empresa","status":"publish","type":"page","link":"https:\/\/dentalclean.com\/br\/en\/empresa\/","title":{"rendered":"Empresa"},"content":{"rendered":"<div data-elementor-type=\"wp-page\" data-elementor-id=\"1014\" class=\"elementor elementor-1014\" data-elementor-post-type=\"page\">\n\t\t\t\t<div class=\"elementor-element elementor-element-3585053 e-flex e-con-boxed e-con e-parent\" data-id=\"3585053\" data-element_type=\"container\" data-settings=\"{&quot;background_background&quot;:&quot;classic&quot;}\">\n\t\t\t\t\t<div class=\"e-con-inner\">\n\t\t<div class=\"elementor-element elementor-element-41900de e-con-full e-flex e-con e-child\" data-id=\"41900de\" data-element_type=\"container\">\n\t\t\t\t<div class=\"elementor-element elementor-element-cf62da8 elementor-widget elementor-widget-heading\" data-id=\"cf62da8\" data-element_type=\"widget\" data-widget_type=\"heading.default\">\n\t\t\t\t<div class=\"elementor-widget-container\">\n\t\t\t\t\t<h2 class=\"elementor-heading-title elementor-size-default\">Hist\u00f3ria da empresa<\/h2>\t\t\t\t<\/div>\n\t\t\t\t<\/div>\n\t\t\t\t<div class=\"elementor-element elementor-element-347fdd4 elementor-widget elementor-widget-text-editor\" data-id=\"347fdd4\" data-element_type=\"widget\" data-widget_type=\"text-editor.default\">\n\t\t\t\t<div class=\"elementor-widget-container\">\n\t\t\t\t\t\t\t\t\tH\u00e1 mais de 30 anos, a Dentalclean tem se dedicado \u00e0 miss\u00e3o de transformar o mundo, um sorriso de cada vez. Fundamentada em tr\u00eas princ\u00edpios &#8211; qualidade de vida, sa\u00fade e bem-estar &#8211; a Dentalclean construiu uma trajet\u00f3ria not\u00e1vel ao longo dos anos. Durante esse tempo, a Dentalclean, uma ind\u00fastria 100% brasileira, vem crescendo com o objetivo de se tornar uma das maiores marcas do setor, expandindo suas fronteiras al\u00e9m do Brasil e alcan\u00e7ando v\u00e1rios pa\u00edses. Com um foco central na ind\u00fastria, a empresa orgulhosamente produz uma linha completa de higiene oral, incluindo fio dental, gel dental, escovas de dentes e antiss\u00e9ptico bucal.\t\t\t\t\t\t\t\t<\/div>\n\t\t\t\t<\/div>\n\t\t\t\t<\/div>\n\t\t<div class=\"elementor-element elementor-element-3f8b2a9 e-con-full e-flex e-con e-child\" data-id=\"3f8b2a9\" data-element_type=\"container\">\n\t\t\t\t<div class=\"elementor-element elementor-element-0523cb3 elementor-skin-slideshow elementor-widget elementor-widget-media-carousel\" data-id=\"0523cb3\" data-element_type=\"widget\" data-settings=\"{&quot;skin&quot;:&quot;slideshow&quot;,&quot;effect&quot;:&quot;fade&quot;,&quot;slideshow_slides_per_view&quot;:&quot;1&quot;,&quot;space_between&quot;:{&quot;unit&quot;:&quot;px&quot;,&quot;size&quot;:0,&quot;sizes&quot;:[]},&quot;space_between_tablet&quot;:{&quot;unit&quot;:&quot;px&quot;,&quot;size&quot;:0,&quot;sizes&quot;:[]},&quot;space_between_mobile&quot;:{&quot;unit&quot;:&quot;px&quot;,&quot;size&quot;:0,&quot;sizes&quot;:[]},&quot;speed&quot;:500,&quot;space_between_widescreen&quot;:{&quot;unit&quot;:&quot;px&quot;,&quot;size&quot;:10,&quot;sizes&quot;:[]}}\" data-widget_type=\"media-carousel.default\">\n\t\t\t\t<div class=\"elementor-widget-container\">\n\t\t\t\t\t\t\t\t\t<div class=\"elementor-swiper\">\n\t\t\t\t\t<div class=\"elementor-main-swiper swiper\" role=\"region\" aria-roledescription=\"carousel\" aria-label=\"Slides\">\n\t\t\t\t<div class=\"swiper-wrapper\">\n\t\t\t\t\t\t\t\t\t\t\t<div class=\"swiper-slide\" role=\"group\" aria-roledescription=\"slide\">\n\t\t\t\t\t\t\t<a href=\"https:\/\/dentalclean.com\/br\/wp-content\/uploads\/2025\/02\/02-CAPA-PTBR.jpg\" data-elementor-open-lightbox=\"yes\" data-elementor-lightbox-slideshow=\"0523cb3\" data-elementor-lightbox-title=\"02-CAPA-PTBR\" data-e-action-hash=\"#elementor-action%3Aaction%3Dlightbox%26settings%3DeyJpZCI6NDY2MywidXJsIjoiaHR0cHM6XC9cL2RlbnRhbGNsZWFuLmNvbVwvYnJcL3dwLWNvbnRlbnRcL3VwbG9hZHNcLzIwMjVcLzAyXC8wMi1DQVBBLVBUQlIuanBnIiwic2xpZGVzaG93IjoiMDUyM2NiMyJ9\" data-elementor-lightbox-video=\"https:\/\/www.youtube.com\/embed\/tbmidxiCiHg?feature=oembed&amp;autoplay=1&amp;rel=0&amp;controls=0\">\t\t<div class=\"elementor-carousel-image\" role=\"img\" aria-label=\"02-CAPA-PTBR\" style=\"background-image: url(&#039;https:\/\/dentalclean.com\/br\/wp-content\/uploads\/2025\/02\/02-CAPA-PTBR.jpg&#039;)\">\n\n\t\t\t\n\t\t\t\t\t\t\t<div class=\"elementor-custom-embed-play\">\n\t\t\t\t\t<svg aria-hidden=\"true\" class=\"e-font-icon-svg e-eicon-play\" viewbox=\"0 0 1000 1000\" xmlns=\"http:\/\/www.w3.org\/2000\/svg\"><path d=\"M838 162C746 71 633 25 500 25 371 25 258 71 163 162 71 254 25 367 25 500 25 633 71 746 163 837 254 929 367 979 500 979 633 979 746 933 838 837 929 746 975 633 975 500 975 367 929 254 838 162M808 192C892 279 933 379 933 500 933 621 892 725 808 808 725 892 621 938 500 938 379 938 279 896 196 808 113 725 67 621 67 500 67 379 108 279 196 192 279 108 383 62 500 62 621 62 721 108 808 192M438 392V642L642 517 438 392Z\"><\/path><\/svg>\t\t\t\t\t<span class=\"elementor-screen-only\">Play<\/span>\n\t\t\t\t<\/div>\n\t\t\t\t\t<\/div>\n\t\t<\/a>\t\t\t\t\t\t<\/div>\n\t\t\t\t\t\t\t\t\t<\/div>\n\t\t\t\t\t\t\t<\/div>\n\t\t\t\t<\/div>\n\t\t\t\t\t\t\t\t<\/div>\n\t\t\t\t<\/div>\n\t\t\t\t<\/div>\n\t\t\t\t\t<\/div>\n\t\t\t\t<\/div>\n\t\t<div class=\"elementor-element elementor-element-0a51fc5 e-flex e-con-boxed e-con e-parent\" data-id=\"0a51fc5\" data-element_type=\"container\" data-settings=\"{&quot;background_background&quot;:&quot;classic&quot;}\">\n\t\t\t\t\t<div class=\"e-con-inner\">\n\t\t<div class=\"elementor-element elementor-element-c32434c e-con-full e-flex e-con e-child\" data-id=\"c32434c\" data-element_type=\"container\" data-settings=\"{&quot;background_background&quot;:&quot;classic&quot;}\">\n\t\t\t\t<\/div>\n\t\t<div class=\"elementor-element elementor-element-e86b1e4 e-con-full e-flex e-con e-child\" data-id=\"e86b1e4\" data-element_type=\"container\">\n\t\t\t\t<div class=\"elementor-element elementor-element-da9db8a elementor-widget elementor-widget-heading\" data-id=\"da9db8a\" data-element_type=\"widget\" data-widget_type=\"heading.default\">\n\t\t\t\t<div class=\"elementor-widget-container\">\n\t\t\t\t\t<h2 class=\"elementor-heading-title elementor-size-default\">Miss\u00e3o <\/h2>\t\t\t\t<\/div>\n\t\t\t\t<\/div>\n\t\t\t\t<div class=\"elementor-element elementor-element-057e809 elementor-widget elementor-widget-text-editor\" data-id=\"057e809\" data-element_type=\"widget\" data-widget_type=\"text-editor.default\">\n\t\t\t\t<div class=\"elementor-widget-container\">\n\t\t\t\t\t\t\t\t\tCuidar do bem-estar e da sa\u00fade de todas as fam\u00edlias, com produtos de reconhecida qualidade, gerando oportunidades de crescimento para nossos parceiros de neg\u00f3cio e nossos colaboradores.\t\t\t\t\t\t\t\t<\/div>\n\t\t\t\t<\/div>\n\t\t\t\t<div class=\"elementor-element elementor-element-64801bb elementor-widget elementor-widget-heading\" data-id=\"64801bb\" data-element_type=\"widget\" data-widget_type=\"heading.default\">\n\t\t\t\t<div class=\"elementor-widget-container\">\n\t\t\t\t\t<h2 class=\"elementor-heading-title elementor-size-default\">Vis\u00e3o <\/h2>\t\t\t\t<\/div>\n\t\t\t\t<\/div>\n\t\t\t\t<div class=\"elementor-element elementor-element-30761ba elementor-widget elementor-widget-text-editor\" data-id=\"30761ba\" data-element_type=\"widget\" data-widget_type=\"text-editor.default\">\n\t\t\t\t<div class=\"elementor-widget-container\">\n\t\t\t\t\t\t\t\t\tSer a terceira marca de higiene oral do Brasil e reconhecida como uma refer\u00eancia nas Am\u00e9ricas.\t\t\t\t\t\t\t\t<\/div>\n\t\t\t\t<\/div>\n\t\t\t\t<div class=\"elementor-element elementor-element-d7c1842 elementor-widget elementor-widget-heading\" data-id=\"d7c1842\" data-element_type=\"widget\" data-widget_type=\"heading.default\">\n\t\t\t\t<div class=\"elementor-widget-container\">\n\t\t\t\t\t<h2 class=\"elementor-heading-title elementor-size-default\">Valores<\/h2>\t\t\t\t<\/div>\n\t\t\t\t<\/div>\n\t\t\t\t<div class=\"elementor-element elementor-element-bc425d5 elementor-widget elementor-widget-text-editor\" data-id=\"bc425d5\" data-element_type=\"widget\" data-widget_type=\"text-editor.default\">\n\t\t\t\t<div class=\"elementor-widget-container\">\n\t\t\t\t\t\t\t\t\tRespeito ao ser humano, a natureza e aos stakeholders.\t\t\t\t\t\t\t\t<\/div>\n\t\t\t\t<\/div>\n\t\t\t\t<div class=\"elementor-element elementor-element-b039fb3 elementor-widget elementor-widget-heading\" data-id=\"b039fb3\" data-element_type=\"widget\" data-widget_type=\"heading.default\">\n\t\t\t\t<div class=\"elementor-widget-container\">\n\t\t\t\t\t<h2 class=\"elementor-heading-title elementor-size-default\">Neg\u00f3cio<\/h2>\t\t\t\t<\/div>\n\t\t\t\t<\/div>\n\t\t\t\t<div class=\"elementor-element elementor-element-0bb6fdd elementor-widget elementor-widget-text-editor\" data-id=\"0bb6fdd\" data-element_type=\"widget\" data-widget_type=\"text-editor.default\">\n\t\t\t\t<div class=\"elementor-widget-container\">\n\t\t\t\t\t\t\t\t\t<p>Promover a felicidade atrav\u00e9s da qualidade de vida. Transformar o mundo um sorriso de cada vez.<\/p>\t\t\t\t\t\t\t\t<\/div>\n\t\t\t\t<\/div>\n\t\t\t\t<\/div>\n\t\t\t\t\t<\/div>\n\t\t\t\t<\/div>\n\t\t<div class=\"elementor-element elementor-element-af6c14f e-flex e-con-boxed e-con e-parent\" data-id=\"af6c14f\" data-element_type=\"container\">\n\t\t\t\t\t<div class=\"e-con-inner\">\n\t\t\t\t<div class=\"elementor-element elementor-element-2d3137b elementor-widget-mobile__width-initial elementor-widget elementor-widget-heading\" data-id=\"2d3137b\" data-element_type=\"widget\" data-widget_type=\"heading.default\">\n\t\t\t\t<div class=\"elementor-widget-container\">\n\t\t\t\t\t<h2 class=\"elementor-heading-title elementor-size-default\">Baixe aqui nosso portf\u00f3lio<\/h2>\t\t\t\t<\/div>\n\t\t\t\t<\/div>\n\t\t\t\t<div class=\"elementor-element elementor-element-ee5aa28 elementor-widget-mobile__width-initial elementor-widget elementor-widget-button\" data-id=\"ee5aa28\" data-element_type=\"widget\" data-widget_type=\"button.default\">\n\t\t\t\t<div class=\"elementor-widget-container\">\n\t\t\t\t\t\t\t\t\t<div class=\"elementor-button-wrapper\">\n\t\t\t\t\t<a class=\"elementor-button elementor-button-link elementor-size-sm\" href=\"https:\/\/drive.google.com\/open?id=1fLVEbhXBAtB136AfKRgXDJ7JHfG_ogRV&#038;usp=drive_fs\" target=\"_blank\">\n\t\t\t\t\t\t<span class=\"elementor-button-content-wrapper\">\n\t\t\t\t\t\t\t\t\t<span class=\"elementor-button-text\">BAIXAR<\/span>\n\t\t\t\t\t<\/span>\n\t\t\t\t\t<\/a>\n\t\t\t\t<\/div>\n\t\t\t\t\t\t\t\t<\/div>\n\t\t\t\t<\/div>\n\t\t\t\t\t<\/div>\n\t\t\t\t<\/div>\n\t\t\t\t<\/div>","protected":false},"excerpt":{"rendered":"<p>Play Neg\u00f3cio Promover a felicidade atrav\u00e9s da qualidade de vida. Transformar o mundo um sorriso de cada vez. Baixe aqui nosso portf\u00f3lio BAIXAR<\/p>","protected":false},"author":3,"featured_media":0,"parent":0,"menu_order":0,"comment_status":"closed","ping_status":"closed","template":"","meta":{"_acf_changed":false,"footnotes":""},"class_list":["post-1014","page","type-page","status-publish","hentry"],"acf":[],"yoast_head":"<!-- This site is optimized with the Yoast SEO plugin v26.5 - https:\/\/yoast.com\/wordpress\/plugins\/seo\/ -->\n<title>Empresa - Dentalclean<\/title>\n<meta name=\"robots\" content=\"index, follow, max-snippet:-1, max-image-preview:large, max-video-preview:-1\" \/>\n<link rel=\"canonical\" href=\"https:\/\/dentalclean.com\/br\/en\/empresa\/\" \/>\n<meta property=\"og:locale\" content=\"en_US\" \/>\n<meta property=\"og:type\" content=\"article\" \/>\n<meta property=\"og:title\" content=\"Empresa - Dentalclean\" \/>\n<meta property=\"og:description\" content=\"Play Neg\u00f3cio Promover a felicidade atrav\u00e9s da qualidade de vida. Transformar o mundo um sorriso de cada vez. Baixe aqui nosso portf\u00f3lio BAIXAR\" \/>\n<meta property=\"og:url\" content=\"https:\/\/dentalclean.com\/br\/en\/empresa\/\" \/>\n<meta property=\"og:site_name\" content=\"Dentalclean\" \/>\n<meta property=\"article:modified_time\" content=\"2026-02-20T12:51:23+00:00\" \/>\n<meta name=\"twitter:card\" content=\"summary_large_image\" \/>\n<meta name=\"twitter:label1\" content=\"Est. reading time\" \/>\n\t<meta name=\"twitter:data1\" content=\"1 minute\" \/>\n<script type=\"application\/ld+json\" class=\"yoast-schema-graph\">{\"@context\":\"https:\/\/schema.org\",\"@graph\":[{\"@type\":\"WebPage\",\"@id\":\"https:\/\/dentalclean.com\/br\/empresa\/\",\"url\":\"https:\/\/dentalclean.com\/br\/empresa\/\",\"name\":\"Empresa - Dentalclean\",\"isPartOf\":{\"@id\":\"https:\/\/dentalclean.com\/br\/#website\"},\"datePublished\":\"2024-07-23T18:34:45+00:00\",\"dateModified\":\"2026-02-20T12:51:23+00:00\",\"breadcrumb\":{\"@id\":\"https:\/\/dentalclean.com\/br\/empresa\/#breadcrumb\"},\"inLanguage\":\"en-US\",\"potentialAction\":[{\"@type\":\"ReadAction\",\"target\":[\"https:\/\/dentalclean.com\/br\/empresa\/\"]}]},{\"@type\":\"BreadcrumbList\",\"@id\":\"https:\/\/dentalclean.com\/br\/empresa\/#breadcrumb\",\"itemListElement\":[{\"@type\":\"ListItem\",\"position\":1,\"name\":\"Home\",\"item\":\"https:\/\/dentalclean.com\/br\/\"},{\"@type\":\"ListItem\",\"position\":2,\"name\":\"Empresa\"}]},{\"@type\":\"WebSite\",\"@id\":\"https:\/\/dentalclean.com\/br\/#website\",\"url\":\"https:\/\/dentalclean.com\/br\/\",\"name\":\"Dentalclean\",\"description\":\"\",\"publisher\":{\"@id\":\"https:\/\/dentalclean.com\/br\/#organization\"},\"potentialAction\":[{\"@type\":\"SearchAction\",\"target\":{\"@type\":\"EntryPoint\",\"urlTemplate\":\"https:\/\/dentalclean.com\/br\/?s={search_term_string}\"},\"query-input\":{\"@type\":\"PropertyValueSpecification\",\"valueRequired\":true,\"valueName\":\"search_term_string\"}}],\"inLanguage\":\"en-US\"},{\"@type\":\"Organization\",\"@id\":\"https:\/\/dentalclean.com\/br\/#organization\",\"name\":\"Dentalclean\",\"url\":\"https:\/\/dentalclean.com\/br\/\",\"logo\":{\"@type\":\"ImageObject\",\"inLanguage\":\"en-US\",\"@id\":\"https:\/\/dentalclean.com\/br\/#\/schema\/logo\/image\/\",\"url\":\"https:\/\/dentalclean.com\/br\/wp-content\/uploads\/2024\/07\/logo.png\",\"contentUrl\":\"https:\/\/dentalclean.com\/br\/wp-content\/uploads\/2024\/07\/logo.png\",\"width\":700,\"height\":134,\"caption\":\"Dentalclean\"},\"image\":{\"@id\":\"https:\/\/dentalclean.com\/br\/#\/schema\/logo\/image\/\"}}]}<\/script>\n<!-- \/ Yoast SEO plugin. -->","yoast_head_json":{"title":"Empresa - Dentalclean","robots":{"index":"index","follow":"follow","max-snippet":"max-snippet:-1","max-image-preview":"max-image-preview:large","max-video-preview":"max-video-preview:-1"},"canonical":"https:\/\/dentalclean.com\/br\/en\/empresa\/","og_locale":"en_US","og_type":"article","og_title":"Empresa - Dentalclean","og_description":"Play Neg\u00f3cio Promover a felicidade atrav\u00e9s da qualidade de vida. Transformar o mundo um sorriso de cada vez. Baixe aqui nosso portf\u00f3lio BAIXAR","og_url":"https:\/\/dentalclean.com\/br\/en\/empresa\/","og_site_name":"Dentalclean","article_modified_time":"2026-02-20T12:51:23+00:00","twitter_card":"summary_large_image","twitter_misc":{"Est. reading time":"1 minute"},"schema":{"@context":"https:\/\/schema.org","@graph":[{"@type":"WebPage","@id":"https:\/\/dentalclean.com\/br\/empresa\/","url":"https:\/\/dentalclean.com\/br\/empresa\/","name":"Empresa - Dentalclean","isPartOf":{"@id":"https:\/\/dentalclean.com\/br\/#website"},"datePublished":"2024-07-23T18:34:45+00:00","dateModified":"2026-02-20T12:51:23+00:00","breadcrumb":{"@id":"https:\/\/dentalclean.com\/br\/empresa\/#breadcrumb"},"inLanguage":"en-US","potentialAction":[{"@type":"ReadAction","target":["https:\/\/dentalclean.com\/br\/empresa\/"]}]},{"@type":"BreadcrumbList","@id":"https:\/\/dentalclean.com\/br\/empresa\/#breadcrumb","itemListElement":[{"@type":"ListItem","position":1,"name":"Home","item":"https:\/\/dentalclean.com\/br\/"},{"@type":"ListItem","position":2,"name":"Empresa"}]},{"@type":"WebSite","@id":"https:\/\/dentalclean.com\/br\/#website","url":"https:\/\/dentalclean.com\/br\/","name":"Dentalclean","description":"","publisher":{"@id":"https:\/\/dentalclean.com\/br\/#organization"},"potentialAction":[{"@type":"SearchAction","target":{"@type":"EntryPoint","urlTemplate":"https:\/\/dentalclean.com\/br\/?s={search_term_string}"},"query-input":{"@type":"PropertyValueSpecification","valueRequired":true,"valueName":"search_term_string"}}],"inLanguage":"en-US"},{"@type":"Organization","@id":"https:\/\/dentalclean.com\/br\/#organization","name":"Dentalclean","url":"https:\/\/dentalclean.com\/br\/","logo":{"@type":"ImageObject","inLanguage":"en-US","@id":"https:\/\/dentalclean.com\/br\/#\/schema\/logo\/image\/","url":"https:\/\/dentalclean.com\/br\/wp-content\/uploads\/2024\/07\/logo.png","contentUrl":"https:\/\/dentalclean.com\/br\/wp-content\/uploads\/2024\/07\/logo.png","width":700,"height":134,"caption":"Dentalclean"},"image":{"@id":"https:\/\/dentalclean.com\/br\/#\/schema\/logo\/image\/"}}]}},"_links":{"self":[{"href":"https:\/\/dentalclean.com\/br\/en\/wp-json\/wp\/v2\/pages\/1014","targetHints":{"allow":["GET"]}}],"collection":[{"href":"https:\/\/dentalclean.com\/br\/en\/wp-json\/wp\/v2\/pages"}],"about":[{"href":"https:\/\/dentalclean.com\/br\/en\/wp-json\/wp\/v2\/types\/page"}],"author":[{"embeddable":true,"href":"https:\/\/dentalclean.com\/br\/en\/wp-json\/wp\/v2\/users\/3"}],"replies":[{"embeddable":true,"href":"https:\/\/dentalclean.com\/br\/en\/wp-json\/wp\/v2\/comments?post=1014"}],"version-history":[{"count":199,"href":"https:\/\/dentalclean.com\/br\/en\/wp-json\/wp\/v2\/pages\/1014\/revisions"}],"predecessor-version":[{"id":6355,"href":"https:\/\/dentalclean.com\/br\/en\/wp-json\/wp\/v2\/pages\/1014\/revisions\/6355"}],"wp:attachment":[{"href":"https:\/\/dentalclean.com\/br\/en\/wp-json\/wp\/v2\/media?parent=1014"}],"curies":[{"name":"wp","href":"https:\/\/api.w.org\/{rel}","templated":true}]}}