{"id":3,"date":"2024-07-06T14:19:17","date_gmt":"2024-07-06T14:19:17","guid":{"rendered":"https:\/\/dentalclean.com\/br\/?page_id=3"},"modified":"2025-09-23T18:59:12","modified_gmt":"2025-09-23T18:59:12","slug":"relatorio-de-transparencia-salarial","status":"publish","type":"page","link":"https:\/\/dentalclean.com\/br\/en\/relatorio-de-transparencia-salarial\/","title":{"rendered":"Relat\u00f3rio de Transpar\u00eancia e Igualdade Salarial de Mulheres e Homens"},"content":{"rendered":"<div data-elementor-type=\"wp-page\" data-elementor-id=\"3\" class=\"elementor elementor-3\" data-elementor-post-type=\"page\">\n\t\t\t\t<div class=\"elementor-element elementor-element-c294e77 e-flex e-con-boxed e-con e-parent\" data-id=\"c294e77\" data-element_type=\"container\">\n\t\t\t\t\t<div class=\"e-con-inner\">\n\t\t\t\t<div class=\"elementor-element elementor-element-3806b80 elementor-widget elementor-widget-text-editor\" data-id=\"3806b80\" data-element_type=\"widget\" data-widget_type=\"text-editor.default\">\n\t\t\t\t<div class=\"elementor-widget-container\">\n\t\t\t\t\t\t\t\t\t<p><span style=\"color: #494949; font-family: Gotham; font-size: 16px;\">Em atendimento a Lei \u2013 14611, que se disp\u00f5e sobre a igualdade salarial e de crit\u00e9rios remunerat\u00f3rios entre mulheres e homens.<br \/><\/span><br style=\"margin: 0px; padding: 0px; color: #494949; font-family: Gotham; font-size: 16px;\" \/><span style=\"color: #494949; font-family: Gotham; font-size: 16px;\">Art. 5\u00b0 Fica determinada a publica\u00e7\u00e3o semestral de relat\u00f3rios de transpar\u00eancia salarial e de crit\u00e9rios remunerados pelas pessoas jur\u00eddicas de direito privado com 100 (cem) ou mais empregados, observada a prote\u00e7\u00e3o de dados pessoais de que trata a <\/span><u style=\"margin: 0px; padding: 0px; color: #494949; font-family: Gotham; font-size: 16px;\">Lei n\u00b0 13.709, de 14 de agosto de 2018 (lei geral de Prote\u00e7\u00e3o de Dados Pessoais).<\/u><\/p>\t\t\t\t\t\t\t\t<\/div>\n\t\t\t\t<\/div>\n\t\t\t\t\t<\/div>\n\t\t\t\t<\/div>\n\t\t<div class=\"elementor-element elementor-element-80f3874 e-flex e-con-boxed e-con e-parent\" data-id=\"80f3874\" data-element_type=\"container\">\n\t\t\t\t\t<div class=\"e-con-inner\">\n\t\t\t\t<div class=\"elementor-element elementor-element-e4be8c5 elementor-widget-divider--view-line elementor-widget elementor-widget-divider\" data-id=\"e4be8c5\" data-element_type=\"widget\" data-widget_type=\"divider.default\">\n\t\t\t\t<div class=\"elementor-widget-container\">\n\t\t\t\t\t\t\t<div class=\"elementor-divider\">\n\t\t\t<span class=\"elementor-divider-separator\">\n\t\t\t\t\t\t<\/span>\n\t\t<\/div>\n\t\t\t\t\t\t<\/div>\n\t\t\t\t<\/div>\n\t\t\t\t\t<\/div>\n\t\t\t\t<\/div>\n\t\t<div class=\"elementor-element elementor-element-8407d15 e-flex e-con-boxed e-con e-parent\" data-id=\"8407d15\" data-element_type=\"container\">\n\t\t\t\t\t<div class=\"e-con-inner\">\n\t\t\t\t<div class=\"elementor-element elementor-element-3f6c585 elementor-widget elementor-widget-text-editor\" data-id=\"3f6c585\" data-element_type=\"widget\" data-widget_type=\"text-editor.default\">\n\t\t\t\t<div class=\"elementor-widget-container\">\n\t\t\t\t\t\t\t\t\t<p><a href=\"https:\/\/drive.google.com\/file\/d\/15Xm-mGFgf-YUByPLayJg1i-8-rASFIs7\/view?usp=sharing\"><span style=\"color: #0000ee; font-family: Gotham; font-size: 16px; text-decoration-line: underline; font-weight: var( --e-global-typography-text-font-weight ); text-align: var(--text-align);\">Acesse aqui o Relat\u00f3rio de Transpar\u00eancia e Igualdade Salarial de Mulheres e Homens \u2013 1\u00ba Semestre 2025<\/span><\/a><\/p>\t\t\t\t\t\t\t\t<\/div>\n\t\t\t\t<\/div>\n\t\t\t\t\t<\/div>\n\t\t\t\t<\/div>\n\t\t\t\t<\/div>","protected":false},"excerpt":{"rendered":"<p>Em atendimento a Lei \u2013 14611, que se disp\u00f5e sobre a igualdade salarial e de crit\u00e9rios remunerat\u00f3rios entre mulheres e homens.Art. 5\u00b0 Fica determinada a publica\u00e7\u00e3o semestral de relat\u00f3rios de transpar\u00eancia salarial e de crit\u00e9rios remunerados pelas pessoas jur\u00eddicas de direito privado com 100 (cem) ou mais empregados, observada a prote\u00e7\u00e3o de dados pessoais de [&hellip;]<\/p>\n","protected":false},"author":1,"featured_media":0,"parent":0,"menu_order":0,"comment_status":"closed","ping_status":"closed","template":"","meta":{"_acf_changed":false,"footnotes":""},"class_list":["post-3","page","type-page","status-publish","hentry"],"acf":[],"yoast_head":"<!-- This site is optimized with the Yoast SEO plugin v26.5 - https:\/\/yoast.com\/wordpress\/plugins\/seo\/ -->\n<title>Relat\u00f3rio de Transpar\u00eancia e Igualdade Salarial de Mulheres e Homens - Dentalclean<\/title>\n<meta name=\"robots\" content=\"index, follow, max-snippet:-1, max-image-preview:large, max-video-preview:-1\" \/>\n<link rel=\"canonical\" href=\"https:\/\/dentalclean.com\/br\/en\/relatorio-de-transparencia-salarial\/\" \/>\n<meta property=\"og:locale\" content=\"en_US\" \/>\n<meta property=\"og:type\" content=\"article\" \/>\n<meta property=\"og:title\" content=\"Relat\u00f3rio de Transpar\u00eancia e Igualdade Salarial de Mulheres e Homens - Dentalclean\" \/>\n<meta property=\"og:description\" content=\"Em atendimento a Lei \u2013 14611, que se disp\u00f5e sobre a igualdade salarial e de crit\u00e9rios remunerat\u00f3rios entre mulheres e homens.Art. 5\u00b0 Fica determinada a publica\u00e7\u00e3o semestral de relat\u00f3rios de transpar\u00eancia salarial e de crit\u00e9rios remunerados pelas pessoas jur\u00eddicas de direito privado com 100 (cem) ou mais empregados, observada a prote\u00e7\u00e3o de dados pessoais de [&hellip;]\" \/>\n<meta property=\"og:url\" content=\"https:\/\/dentalclean.com\/br\/en\/relatorio-de-transparencia-salarial\/\" \/>\n<meta property=\"og:site_name\" content=\"Dentalclean\" \/>\n<meta property=\"article:modified_time\" content=\"2025-09-23T18:59:12+00:00\" \/>\n<meta name=\"twitter:card\" content=\"summary_large_image\" \/>\n<meta name=\"twitter:label1\" content=\"Est. reading time\" \/>\n\t<meta name=\"twitter:data1\" content=\"1 minute\" \/>\n<script type=\"application\/ld+json\" class=\"yoast-schema-graph\">{\"@context\":\"https:\/\/schema.org\",\"@graph\":[{\"@type\":\"WebPage\",\"@id\":\"https:\/\/dentalclean.com\/br\/relatorio-de-transparencia-salarial\/\",\"url\":\"https:\/\/dentalclean.com\/br\/relatorio-de-transparencia-salarial\/\",\"name\":\"Relat\u00f3rio de Transpar\u00eancia e Igualdade Salarial de Mulheres e Homens - Dentalclean\",\"isPartOf\":{\"@id\":\"https:\/\/dentalclean.com\/br\/#website\"},\"datePublished\":\"2024-07-06T14:19:17+00:00\",\"dateModified\":\"2025-09-23T18:59:12+00:00\",\"breadcrumb\":{\"@id\":\"https:\/\/dentalclean.com\/br\/relatorio-de-transparencia-salarial\/#breadcrumb\"},\"inLanguage\":\"en-US\",\"potentialAction\":[{\"@type\":\"ReadAction\",\"target\":[\"https:\/\/dentalclean.com\/br\/relatorio-de-transparencia-salarial\/\"]}]},{\"@type\":\"BreadcrumbList\",\"@id\":\"https:\/\/dentalclean.com\/br\/relatorio-de-transparencia-salarial\/#breadcrumb\",\"itemListElement\":[{\"@type\":\"ListItem\",\"position\":1,\"name\":\"Home\",\"item\":\"https:\/\/dentalclean.com\/br\/\"},{\"@type\":\"ListItem\",\"position\":2,\"name\":\"Relat\u00f3rio de Transpar\u00eancia e Igualdade Salarial de Mulheres e Homens\"}]},{\"@type\":\"WebSite\",\"@id\":\"https:\/\/dentalclean.com\/br\/#website\",\"url\":\"https:\/\/dentalclean.com\/br\/\",\"name\":\"Dentalclean\",\"description\":\"\",\"publisher\":{\"@id\":\"https:\/\/dentalclean.com\/br\/#organization\"},\"potentialAction\":[{\"@type\":\"SearchAction\",\"target\":{\"@type\":\"EntryPoint\",\"urlTemplate\":\"https:\/\/dentalclean.com\/br\/?s={search_term_string}\"},\"query-input\":{\"@type\":\"PropertyValueSpecification\",\"valueRequired\":true,\"valueName\":\"search_term_string\"}}],\"inLanguage\":\"en-US\"},{\"@type\":\"Organization\",\"@id\":\"https:\/\/dentalclean.com\/br\/#organization\",\"name\":\"Dentalclean\",\"url\":\"https:\/\/dentalclean.com\/br\/\",\"logo\":{\"@type\":\"ImageObject\",\"inLanguage\":\"en-US\",\"@id\":\"https:\/\/dentalclean.com\/br\/#\/schema\/logo\/image\/\",\"url\":\"https:\/\/dentalclean.com\/br\/wp-content\/uploads\/2024\/07\/logo.png\",\"contentUrl\":\"https:\/\/dentalclean.com\/br\/wp-content\/uploads\/2024\/07\/logo.png\",\"width\":700,\"height\":134,\"caption\":\"Dentalclean\"},\"image\":{\"@id\":\"https:\/\/dentalclean.com\/br\/#\/schema\/logo\/image\/\"}}]}<\/script>\n<!-- \/ Yoast SEO plugin. -->","yoast_head_json":{"title":"Relat\u00f3rio de Transpar\u00eancia e Igualdade Salarial de Mulheres e Homens - Dentalclean","robots":{"index":"index","follow":"follow","max-snippet":"max-snippet:-1","max-image-preview":"max-image-preview:large","max-video-preview":"max-video-preview:-1"},"canonical":"https:\/\/dentalclean.com\/br\/en\/relatorio-de-transparencia-salarial\/","og_locale":"en_US","og_type":"article","og_title":"Relat\u00f3rio de Transpar\u00eancia e Igualdade Salarial de Mulheres e Homens - Dentalclean","og_description":"Em atendimento a Lei \u2013 14611, que se disp\u00f5e sobre a igualdade salarial e de crit\u00e9rios remunerat\u00f3rios entre mulheres e homens.Art. 5\u00b0 Fica determinada a publica\u00e7\u00e3o semestral de relat\u00f3rios de transpar\u00eancia salarial e de crit\u00e9rios remunerados pelas pessoas jur\u00eddicas de direito privado com 100 (cem) ou mais empregados, observada a prote\u00e7\u00e3o de dados pessoais de [&hellip;]","og_url":"https:\/\/dentalclean.com\/br\/en\/relatorio-de-transparencia-salarial\/","og_site_name":"Dentalclean","article_modified_time":"2025-09-23T18:59:12+00:00","twitter_card":"summary_large_image","twitter_misc":{"Est. reading time":"1 minute"},"schema":{"@context":"https:\/\/schema.org","@graph":[{"@type":"WebPage","@id":"https:\/\/dentalclean.com\/br\/relatorio-de-transparencia-salarial\/","url":"https:\/\/dentalclean.com\/br\/relatorio-de-transparencia-salarial\/","name":"Relat\u00f3rio de Transpar\u00eancia e Igualdade Salarial de Mulheres e Homens - Dentalclean","isPartOf":{"@id":"https:\/\/dentalclean.com\/br\/#website"},"datePublished":"2024-07-06T14:19:17+00:00","dateModified":"2025-09-23T18:59:12+00:00","breadcrumb":{"@id":"https:\/\/dentalclean.com\/br\/relatorio-de-transparencia-salarial\/#breadcrumb"},"inLanguage":"en-US","potentialAction":[{"@type":"ReadAction","target":["https:\/\/dentalclean.com\/br\/relatorio-de-transparencia-salarial\/"]}]},{"@type":"BreadcrumbList","@id":"https:\/\/dentalclean.com\/br\/relatorio-de-transparencia-salarial\/#breadcrumb","itemListElement":[{"@type":"ListItem","position":1,"name":"Home","item":"https:\/\/dentalclean.com\/br\/"},{"@type":"ListItem","position":2,"name":"Relat\u00f3rio de Transpar\u00eancia e Igualdade Salarial de Mulheres e Homens"}]},{"@type":"WebSite","@id":"https:\/\/dentalclean.com\/br\/#website","url":"https:\/\/dentalclean.com\/br\/","name":"Dentalclean","description":"","publisher":{"@id":"https:\/\/dentalclean.com\/br\/#organization"},"potentialAction":[{"@type":"SearchAction","target":{"@type":"EntryPoint","urlTemplate":"https:\/\/dentalclean.com\/br\/?s={search_term_string}"},"query-input":{"@type":"PropertyValueSpecification","valueRequired":true,"valueName":"search_term_string"}}],"inLanguage":"en-US"},{"@type":"Organization","@id":"https:\/\/dentalclean.com\/br\/#organization","name":"Dentalclean","url":"https:\/\/dentalclean.com\/br\/","logo":{"@type":"ImageObject","inLanguage":"en-US","@id":"https:\/\/dentalclean.com\/br\/#\/schema\/logo\/image\/","url":"https:\/\/dentalclean.com\/br\/wp-content\/uploads\/2024\/07\/logo.png","contentUrl":"https:\/\/dentalclean.com\/br\/wp-content\/uploads\/2024\/07\/logo.png","width":700,"height":134,"caption":"Dentalclean"},"image":{"@id":"https:\/\/dentalclean.com\/br\/#\/schema\/logo\/image\/"}}]}},"_links":{"self":[{"href":"https:\/\/dentalclean.com\/br\/en\/wp-json\/wp\/v2\/pages\/3","targetHints":{"allow":["GET"]}}],"collection":[{"href":"https:\/\/dentalclean.com\/br\/en\/wp-json\/wp\/v2\/pages"}],"about":[{"href":"https:\/\/dentalclean.com\/br\/en\/wp-json\/wp\/v2\/types\/page"}],"author":[{"embeddable":true,"href":"https:\/\/dentalclean.com\/br\/en\/wp-json\/wp\/v2\/users\/1"}],"replies":[{"embeddable":true,"href":"https:\/\/dentalclean.com\/br\/en\/wp-json\/wp\/v2\/comments?post=3"}],"version-history":[{"count":17,"href":"https:\/\/dentalclean.com\/br\/en\/wp-json\/wp\/v2\/pages\/3\/revisions"}],"predecessor-version":[{"id":6146,"href":"https:\/\/dentalclean.com\/br\/en\/wp-json\/wp\/v2\/pages\/3\/revisions\/6146"}],"wp:attachment":[{"href":"https:\/\/dentalclean.com\/br\/en\/wp-json\/wp\/v2\/media?parent=3"}],"curies":[{"name":"wp","href":"https:\/\/api.w.org\/{rel}","templated":true}]}}