{"id":1014,"date":"2024-07-23T18:34:45","date_gmt":"2024-07-23T18:34:45","guid":{"rendered":"https:\/\/dentalclean.com\/us\/?page_id=1014"},"modified":"2025-07-18T18:03:30","modified_gmt":"2025-07-18T18:03:30","slug":"company","status":"publish","type":"page","link":"https:\/\/dentalclean.com\/us\/es\/company\/","title":{"rendered":"Empresa"},"content":{"rendered":"<div data-elementor-type=\"wp-page\" data-elementor-id=\"1014\" class=\"elementor elementor-1014\" data-elementor-post-type=\"page\">\n\t\t\t\t<div class=\"elementor-element elementor-element-3585053 e-flex e-con-boxed e-con e-parent\" data-id=\"3585053\" data-element_type=\"container\" data-e-type=\"container\" data-settings=\"{&quot;background_background&quot;:&quot;classic&quot;}\">\n\t\t\t\t\t<div class=\"e-con-inner\">\n\t\t<div class=\"elementor-element elementor-element-41900de e-con-full e-flex e-con e-child\" data-id=\"41900de\" data-element_type=\"container\" data-e-type=\"container\">\n\t\t\t\t<div class=\"elementor-element elementor-element-cf62da8 elementor-widget elementor-widget-heading\" data-id=\"cf62da8\" data-element_type=\"widget\" data-e-type=\"widget\" data-widget_type=\"heading.default\">\n\t\t\t\t<div class=\"elementor-widget-container\">\n\t\t\t\t\t<h2 class=\"elementor-heading-title elementor-size-default\">Historia de la Empresa<\/h2>\t\t\t\t<\/div>\n\t\t\t\t<\/div>\n\t\t\t\t<div class=\"elementor-element elementor-element-347fdd4 elementor-widget elementor-widget-text-editor\" data-id=\"347fdd4\" data-element_type=\"widget\" data-e-type=\"widget\" data-widget_type=\"text-editor.default\">\n\t\t\t\t<div class=\"elementor-widget-container\">\n\t\t\t\t\t\t\t\t\tBasado en tres principios: calidad de vida, salud y bienestar - Dentalclean ha construido una trayectoria notable a lo largo de los a\u00f1os. A lo largo de este tiempo, nuestra empresa ha ido creciendo con el objetivo de convertirse en una de las marcas m\u00e1s grandes del sector, expandiendo sus fronteras y llegando a varios pa\u00edses. Producimos una l\u00ednea completa de higiene bucal, que incluye hilo dental, gel dental, cepillos de dientes y enjuague bucal, as\u00ed como una l\u00ednea desarrollada especialmente para los dentistas. Durante m\u00e1s de 30 a\u00f1os, Dentalclean se ha dedicado a la misi\u00f3n de transformar el mundo, una sonrisa a la vez.\t\t\t\t\t\t\t\t<\/div>\n\t\t\t\t<\/div>\n\t\t\t\t<\/div>\n\t\t<div class=\"elementor-element elementor-element-3f8b2a9 e-con-full e-flex e-con e-child\" data-id=\"3f8b2a9\" data-element_type=\"container\" data-e-type=\"container\">\n\t\t\t\t<div class=\"elementor-element elementor-element-0523cb3 elementor-skin-slideshow elementor-widget elementor-widget-media-carousel\" data-id=\"0523cb3\" data-element_type=\"widget\" data-e-type=\"widget\" data-settings=\"{&quot;skin&quot;:&quot;slideshow&quot;,&quot;effect&quot;:&quot;fade&quot;,&quot;slideshow_slides_per_view&quot;:&quot;1&quot;,&quot;space_between&quot;:{&quot;unit&quot;:&quot;px&quot;,&quot;size&quot;:0,&quot;sizes&quot;:[]},&quot;space_between_tablet&quot;:{&quot;unit&quot;:&quot;px&quot;,&quot;size&quot;:0,&quot;sizes&quot;:[]},&quot;space_between_mobile&quot;:{&quot;unit&quot;:&quot;px&quot;,&quot;size&quot;:0,&quot;sizes&quot;:[]},&quot;speed&quot;:500,&quot;space_between_widescreen&quot;:{&quot;unit&quot;:&quot;px&quot;,&quot;size&quot;:10,&quot;sizes&quot;:[]}}\" data-widget_type=\"media-carousel.default\">\n\t\t\t\t<div class=\"elementor-widget-container\">\n\t\t\t\t\t\t\t\t\t<div class=\"elementor-swiper\">\n\t\t\t\t\t<div class=\"elementor-main-swiper swiper\" role=\"region\" aria-roledescription=\"carousel\" aria-label=\"Diapositivas\">\n\t\t\t\t<div class=\"swiper-wrapper\">\n\t\t\t\t\t\t\t\t\t\t\t<div class=\"swiper-slide\" role=\"group\" aria-roledescription=\"slide\">\n\t\t\t\t\t\t\t<a href=\"https:\/\/dentalclean.com\/us\/wp-content\/uploads\/2025\/07\/02-CAPA-ENG.jpg\" data-elementor-open-lightbox=\"yes\" data-elementor-lightbox-slideshow=\"0523cb3\" data-elementor-lightbox-title=\"02-CAPA-ENG\" data-e-action-hash=\"#elementor-action%3Aaction%3Dlightbox%26settings%3DeyJpZCI6Mzc5OCwidXJsIjoiaHR0cHM6XC9cL2RlbnRhbGNsZWFuLmNvbVwvdXNcL3dwLWNvbnRlbnRcL3VwbG9hZHNcLzIwMjVcLzA3XC8wMi1DQVBBLUVORy5qcGciLCJzbGlkZXNob3ciOiIwNTIzY2IzIn0%3D\" data-elementor-lightbox-video=\"https:\/\/www.youtube.com\/embed\/srmzcT18fv8?feature=oembed&amp;autoplay=1&amp;rel=0&amp;controls=0\">\t\t<div class=\"elementor-carousel-image\" role=\"img\" aria-label=\"02-CAPA-ENG\" style=\"background-image: url(&#039;https:\/\/dentalclean.com\/us\/wp-content\/uploads\/2025\/07\/02-CAPA-ENG.jpg&#039;)\">\n\n\t\t\t\n\t\t\t\t\t\t\t<div class=\"elementor-custom-embed-play\">\n\t\t\t\t\t<svg aria-hidden=\"true\" class=\"e-font-icon-svg e-eicon-play\" viewbox=\"0 0 1000 1000\" xmlns=\"http:\/\/www.w3.org\/2000\/svg\"><path d=\"M838 162C746 71 633 25 500 25 371 25 258 71 163 162 71 254 25 367 25 500 25 633 71 746 163 837 254 929 367 979 500 979 633 979 746 933 838 837 929 746 975 633 975 500 975 367 929 254 838 162M808 192C892 279 933 379 933 500 933 621 892 725 808 808 725 892 621 938 500 938 379 938 279 896 196 808 113 725 67 621 67 500 67 379 108 279 196 192 279 108 383 62 500 62 621 62 721 108 808 192M438 392V642L642 517 438 392Z\"><\/path><\/svg>\t\t\t\t\t<span class=\"elementor-screen-only\">Reproducir<\/span>\n\t\t\t\t<\/div>\n\t\t\t\t\t<\/div>\n\t\t<\/a>\t\t\t\t\t\t<\/div>\n\t\t\t\t\t\t\t\t\t<\/div>\n\t\t\t\t\t\t\t<\/div>\n\t\t\t\t<\/div>\n\t\t\t\t\t\t\t\t<\/div>\n\t\t\t\t<\/div>\n\t\t\t\t<\/div>\n\t\t\t\t\t<\/div>\n\t\t\t\t<\/div>\n\t\t<div class=\"elementor-element elementor-element-0a51fc5 e-flex e-con-boxed e-con e-parent\" data-id=\"0a51fc5\" data-element_type=\"container\" data-e-type=\"container\" data-settings=\"{&quot;background_background&quot;:&quot;classic&quot;}\">\n\t\t\t\t\t<div class=\"e-con-inner\">\n\t\t<div class=\"elementor-element elementor-element-c32434c e-con-full e-flex e-con e-child\" data-id=\"c32434c\" data-element_type=\"container\" data-e-type=\"container\" data-settings=\"{&quot;background_background&quot;:&quot;classic&quot;}\">\n\t\t\t\t<\/div>\n\t\t<div class=\"elementor-element elementor-element-e86b1e4 e-con-full e-flex e-con e-child\" data-id=\"e86b1e4\" data-element_type=\"container\" data-e-type=\"container\">\n\t\t\t\t<div class=\"elementor-element elementor-element-da9db8a elementor-widget elementor-widget-heading\" data-id=\"da9db8a\" data-element_type=\"widget\" data-e-type=\"widget\" data-widget_type=\"heading.default\">\n\t\t\t\t<div class=\"elementor-widget-container\">\n\t\t\t\t\t<h2 class=\"elementor-heading-title elementor-size-default\">Misi\u00f3n<\/h2>\t\t\t\t<\/div>\n\t\t\t\t<\/div>\n\t\t\t\t<div class=\"elementor-element elementor-element-057e809 elementor-widget elementor-widget-text-editor\" data-id=\"057e809\" data-element_type=\"widget\" data-e-type=\"widget\" data-widget_type=\"text-editor.default\">\n\t\t\t\t<div class=\"elementor-widget-container\">\n\t\t\t\t\t\t\t\t\tOur mission is to design and deliver inventive, high-quality products that provide outstanding value to our customers while consistently anticipating and exceeding their needs and desires.\t\t\t\t\t\t\t\t<\/div>\n\t\t\t\t<\/div>\n\t\t\t\t<div class=\"elementor-element elementor-element-64801bb elementor-widget elementor-widget-heading\" data-id=\"64801bb\" data-element_type=\"widget\" data-e-type=\"widget\" data-widget_type=\"heading.default\">\n\t\t\t\t<div class=\"elementor-widget-container\">\n\t\t\t\t\t<h2 class=\"elementor-heading-title elementor-size-default\">Visi\u00f3n<\/h2>\t\t\t\t<\/div>\n\t\t\t\t<\/div>\n\t\t\t\t<div class=\"elementor-element elementor-element-30761ba elementor-widget elementor-widget-text-editor\" data-id=\"30761ba\" data-element_type=\"widget\" data-e-type=\"widget\" data-widget_type=\"text-editor.default\">\n\t\t\t\t<div class=\"elementor-widget-container\">\n\t\t\t\t\t\t\t\t\tBy 2030, we aim to establish a robust presence in the Americas, becoming a prominent oral care brand recognized for our unwavering dedication to product innovation and customer satisfaction, and for positively impacting the lives of our customers and the communities across Americas.\t\t\t\t\t\t\t\t<\/div>\n\t\t\t\t<\/div>\n\t\t\t\t<div class=\"elementor-element elementor-element-d7c1842 elementor-widget elementor-widget-heading\" data-id=\"d7c1842\" data-element_type=\"widget\" data-e-type=\"widget\" data-widget_type=\"heading.default\">\n\t\t\t\t<div class=\"elementor-widget-container\">\n\t\t\t\t\t<h2 class=\"elementor-heading-title elementor-size-default\">Valores<\/h2>\t\t\t\t<\/div>\n\t\t\t\t<\/div>\n\t\t\t\t<div class=\"elementor-element elementor-element-bc425d5 elementor-widget elementor-widget-text-editor\" data-id=\"bc425d5\" data-element_type=\"widget\" data-e-type=\"widget\" data-widget_type=\"text-editor.default\">\n\t\t\t\t<div class=\"elementor-widget-container\">\n\t\t\t\t\t\t\t\t\tRespeto por los seres humanos, la naturaleza y las partes interesadas.\t\t\t\t\t\t\t\t<\/div>\n\t\t\t\t<\/div>\n\t\t\t\t<\/div>\n\t\t\t\t\t<\/div>\n\t\t\t\t<\/div>\n\t\t<div class=\"elementor-element elementor-element-af6c14f e-flex e-con-boxed e-con e-parent\" data-id=\"af6c14f\" data-element_type=\"container\" data-e-type=\"container\">\n\t\t\t\t\t<div class=\"e-con-inner\">\n\t\t\t\t<div class=\"elementor-element elementor-element-2d3137b elementor-widget-mobile__width-initial elementor-widget elementor-widget-heading\" data-id=\"2d3137b\" data-element_type=\"widget\" data-e-type=\"widget\" data-widget_type=\"heading.default\">\n\t\t\t\t<div class=\"elementor-widget-container\">\n\t\t\t\t\t<h2 class=\"elementor-heading-title elementor-size-default\">Descarga nuestro portafolio aqu\u00ed<\/h2>\t\t\t\t<\/div>\n\t\t\t\t<\/div>\n\t\t\t\t<div class=\"elementor-element elementor-element-ee5aa28 elementor-widget-mobile__width-initial elementor-widget elementor-widget-button\" data-id=\"ee5aa28\" data-element_type=\"widget\" data-e-type=\"widget\" data-widget_type=\"button.default\">\n\t\t\t\t<div class=\"elementor-widget-container\">\n\t\t\t\t\t\t\t\t\t<div class=\"elementor-button-wrapper\">\n\t\t\t\t\t<a class=\"elementor-button elementor-button-link elementor-size-sm\" href=\"https:\/\/drive.google.com\/open?id=124GFEXBmXsn22DIcRCAzbal7CuyCatVp&#038;usp=drive_fs\" target=\"_blank\">\n\t\t\t\t\t\t<span class=\"elementor-button-content-wrapper\">\n\t\t\t\t\t\t\t\t\t<span class=\"elementor-button-text\">Download<\/span>\n\t\t\t\t\t<\/span>\n\t\t\t\t\t<\/a>\n\t\t\t\t<\/div>\n\t\t\t\t\t\t\t\t<\/div>\n\t\t\t\t<\/div>\n\t\t\t\t\t<\/div>\n\t\t\t\t<\/div>\n\t\t\t\t<\/div>","protected":false},"excerpt":{"rendered":"<p>Play Download our portfolio here Download<\/p>","protected":false},"author":3,"featured_media":0,"parent":0,"menu_order":0,"comment_status":"closed","ping_status":"closed","template":"","meta":{"_acf_changed":false,"footnotes":""},"class_list":["post-1014","page","type-page","status-publish","hentry"],"acf":[],"yoast_head":"<!-- This site is optimized with the Yoast SEO plugin v27.3 - https:\/\/yoast.com\/product\/yoast-seo-wordpress\/ -->\n<title>Company - Dentalclean<\/title>\n<meta name=\"robots\" content=\"index, follow, max-snippet:-1, max-image-preview:large, max-video-preview:-1\" \/>\n<link rel=\"canonical\" href=\"https:\/\/dentalclean.com\/us\/es\/company\/\" \/>\n<meta property=\"og:locale\" content=\"es_ES\" \/>\n<meta property=\"og:type\" content=\"article\" \/>\n<meta property=\"og:title\" content=\"Company - Dentalclean\" \/>\n<meta property=\"og:description\" content=\"Play Download our portfolio here Download\" \/>\n<meta property=\"og:url\" content=\"https:\/\/dentalclean.com\/us\/es\/company\/\" \/>\n<meta property=\"og:site_name\" content=\"Dentalclean\" \/>\n<meta property=\"article:modified_time\" content=\"2025-07-18T18:03:30+00:00\" \/>\n<meta name=\"twitter:card\" content=\"summary_large_image\" \/>\n<meta name=\"twitter:label1\" content=\"Tiempo de lectura\" \/>\n\t<meta name=\"twitter:data1\" content=\"1 minuto\" \/>\n<script type=\"application\/ld+json\" class=\"yoast-schema-graph\">{\"@context\":\"https:\\\/\\\/schema.org\",\"@graph\":[{\"@type\":\"WebPage\",\"@id\":\"https:\\\/\\\/dentalclean.com\\\/us\\\/company\\\/\",\"url\":\"https:\\\/\\\/dentalclean.com\\\/us\\\/company\\\/\",\"name\":\"Company - Dentalclean\",\"isPartOf\":{\"@id\":\"https:\\\/\\\/dentalclean.com\\\/us\\\/#website\"},\"datePublished\":\"2024-07-23T18:34:45+00:00\",\"dateModified\":\"2025-07-18T18:03:30+00:00\",\"breadcrumb\":{\"@id\":\"https:\\\/\\\/dentalclean.com\\\/us\\\/company\\\/#breadcrumb\"},\"inLanguage\":\"es\",\"potentialAction\":[{\"@type\":\"ReadAction\",\"target\":[\"https:\\\/\\\/dentalclean.com\\\/us\\\/company\\\/\"]}]},{\"@type\":\"BreadcrumbList\",\"@id\":\"https:\\\/\\\/dentalclean.com\\\/us\\\/company\\\/#breadcrumb\",\"itemListElement\":[{\"@type\":\"ListItem\",\"position\":1,\"name\":\"Home\",\"item\":\"https:\\\/\\\/dentalclean.com\\\/us\\\/\"},{\"@type\":\"ListItem\",\"position\":2,\"name\":\"Company\"}]},{\"@type\":\"WebSite\",\"@id\":\"https:\\\/\\\/dentalclean.com\\\/us\\\/#website\",\"url\":\"https:\\\/\\\/dentalclean.com\\\/us\\\/\",\"name\":\"Dentalclean\",\"description\":\"\",\"publisher\":{\"@id\":\"https:\\\/\\\/dentalclean.com\\\/us\\\/#organization\"},\"potentialAction\":[{\"@type\":\"SearchAction\",\"target\":{\"@type\":\"EntryPoint\",\"urlTemplate\":\"https:\\\/\\\/dentalclean.com\\\/us\\\/?s={search_term_string}\"},\"query-input\":{\"@type\":\"PropertyValueSpecification\",\"valueRequired\":true,\"valueName\":\"search_term_string\"}}],\"inLanguage\":\"es\"},{\"@type\":\"Organization\",\"@id\":\"https:\\\/\\\/dentalclean.com\\\/us\\\/#organization\",\"name\":\"Dentalclean\",\"url\":\"https:\\\/\\\/dentalclean.com\\\/us\\\/\",\"logo\":{\"@type\":\"ImageObject\",\"inLanguage\":\"es\",\"@id\":\"https:\\\/\\\/dentalclean.com\\\/us\\\/#\\\/schema\\\/logo\\\/image\\\/\",\"url\":\"https:\\\/\\\/dentalclean.com\\\/us\\\/wp-content\\\/uploads\\\/2024\\\/11\\\/logo.png\",\"contentUrl\":\"https:\\\/\\\/dentalclean.com\\\/us\\\/wp-content\\\/uploads\\\/2024\\\/11\\\/logo.png\",\"width\":700,\"height\":134,\"caption\":\"Dentalclean\"},\"image\":{\"@id\":\"https:\\\/\\\/dentalclean.com\\\/us\\\/#\\\/schema\\\/logo\\\/image\\\/\"}}]}<\/script>\n<!-- \/ Yoast SEO plugin. -->","yoast_head_json":{"title":"Company - Dentalclean","robots":{"index":"index","follow":"follow","max-snippet":"max-snippet:-1","max-image-preview":"max-image-preview:large","max-video-preview":"max-video-preview:-1"},"canonical":"https:\/\/dentalclean.com\/us\/es\/company\/","og_locale":"es_ES","og_type":"article","og_title":"Company - Dentalclean","og_description":"Play Download our portfolio here Download","og_url":"https:\/\/dentalclean.com\/us\/es\/company\/","og_site_name":"Dentalclean","article_modified_time":"2025-07-18T18:03:30+00:00","twitter_card":"summary_large_image","twitter_misc":{"Tiempo de lectura":"1 minuto"},"schema":{"@context":"https:\/\/schema.org","@graph":[{"@type":"WebPage","@id":"https:\/\/dentalclean.com\/us\/company\/","url":"https:\/\/dentalclean.com\/us\/company\/","name":"Company - Dentalclean","isPartOf":{"@id":"https:\/\/dentalclean.com\/us\/#website"},"datePublished":"2024-07-23T18:34:45+00:00","dateModified":"2025-07-18T18:03:30+00:00","breadcrumb":{"@id":"https:\/\/dentalclean.com\/us\/company\/#breadcrumb"},"inLanguage":"es","potentialAction":[{"@type":"ReadAction","target":["https:\/\/dentalclean.com\/us\/company\/"]}]},{"@type":"BreadcrumbList","@id":"https:\/\/dentalclean.com\/us\/company\/#breadcrumb","itemListElement":[{"@type":"ListItem","position":1,"name":"Home","item":"https:\/\/dentalclean.com\/us\/"},{"@type":"ListItem","position":2,"name":"Company"}]},{"@type":"WebSite","@id":"https:\/\/dentalclean.com\/us\/#website","url":"https:\/\/dentalclean.com\/us\/","name":"Dentalclean","description":"","publisher":{"@id":"https:\/\/dentalclean.com\/us\/#organization"},"potentialAction":[{"@type":"SearchAction","target":{"@type":"EntryPoint","urlTemplate":"https:\/\/dentalclean.com\/us\/?s={search_term_string}"},"query-input":{"@type":"PropertyValueSpecification","valueRequired":true,"valueName":"search_term_string"}}],"inLanguage":"es"},{"@type":"Organization","@id":"https:\/\/dentalclean.com\/us\/#organization","name":"Dentalclean","url":"https:\/\/dentalclean.com\/us\/","logo":{"@type":"ImageObject","inLanguage":"es","@id":"https:\/\/dentalclean.com\/us\/#\/schema\/logo\/image\/","url":"https:\/\/dentalclean.com\/us\/wp-content\/uploads\/2024\/11\/logo.png","contentUrl":"https:\/\/dentalclean.com\/us\/wp-content\/uploads\/2024\/11\/logo.png","width":700,"height":134,"caption":"Dentalclean"},"image":{"@id":"https:\/\/dentalclean.com\/us\/#\/schema\/logo\/image\/"}}]}},"_links":{"self":[{"href":"https:\/\/dentalclean.com\/us\/es\/wp-json\/wp\/v2\/pages\/1014","targetHints":{"allow":["GET"]}}],"collection":[{"href":"https:\/\/dentalclean.com\/us\/es\/wp-json\/wp\/v2\/pages"}],"about":[{"href":"https:\/\/dentalclean.com\/us\/es\/wp-json\/wp\/v2\/types\/page"}],"author":[{"embeddable":true,"href":"https:\/\/dentalclean.com\/us\/es\/wp-json\/wp\/v2\/users\/3"}],"replies":[{"embeddable":true,"href":"https:\/\/dentalclean.com\/us\/es\/wp-json\/wp\/v2\/comments?post=1014"}],"version-history":[{"count":20,"href":"https:\/\/dentalclean.com\/us\/es\/wp-json\/wp\/v2\/pages\/1014\/revisions"}],"predecessor-version":[{"id":3799,"href":"https:\/\/dentalclean.com\/us\/es\/wp-json\/wp\/v2\/pages\/1014\/revisions\/3799"}],"wp:attachment":[{"href":"https:\/\/dentalclean.com\/us\/es\/wp-json\/wp\/v2\/media?parent=1014"}],"curies":[{"name":"wp","href":"https:\/\/api.w.org\/{rel}","templated":true}]}}